{"id":37,"date":"2024-02-23T21:02:28","date_gmt":"2024-02-24T02:02:28","guid":{"rendered":"https:\/\/ejlife.us\/?post_type=product&#038;p=37"},"modified":"2024-02-23T21:06:38","modified_gmt":"2024-02-24T02:06:38","slug":"hach-2105528","status":"publish","type":"product","link":"https:\/\/ejlife.us\/?product=hach-2105528","title":{"rendered":"Hach DPD Free Chlorine Reagent Powder Pillows, 10 mL, pk\/1000"},"content":{"rendered":"<p>Product Number: <span data-templateid=\"SkuDynamic\">2105528<\/span><\/p>\n<p>For free chlorine determination by the DPD Free Chlorine method. USEPA accepted for reporting for drinking water analysis using Hach Method 8021.<br \/>\nRange: 0.02 &#8211; 2.00 mg\/L Cl\u2082. Sample Size: 10 mL.<br \/>\nPack of 1000 powder pillows.<br \/>\nBoric Acid free!<\/p>\n<div id=\"product-specifications\" class=\"product-detail-section js-pdp-section\" data-oc-controller=\"Product.ProductSpecifications\" data-context=\"{&quot;productId&quot;:&quot;Hach_DPDFreeChlorinePP_model&quot;,&quot;variantId&quot;:&quot;EU-2105569&quot;}\">\n<div data-templateid=\"Attributes\">\n<h2 id=\"specifications\" class=\"h3 secondMenu\" title=\"Specifications\">Specifications<\/h2>\n<div class=\"ec-icon\"><\/div>\n<h2 class=\"h5 ec-header\" data-expand-collapse=\"true\" data-expand-collapse-target=\"ec-specs-0\">Technical Attributes<\/h2>\n<div id=\"ec-specs-0\" class=\"mb-2\">\n<table class=\"specifications-table\">\n<tbody>\n<tr>\n<td class=\"text-specs\">Description<\/td>\n<td class=\"text-specs\">DPD Free Chlorine Reagent Powder Pillows, 10 ml<\/td>\n<\/tr>\n<tr>\n<td class=\"text-specs\">EPA compliant<\/td>\n<td class=\"text-specs\">Yes<\/td>\n<\/tr>\n<tr>\n<td class=\"text-specs\">Instrument<\/td>\n<td class=\"text-specs\">All except DR\/3000, DR\/2000<\/td>\n<\/tr>\n<tr>\n<td class=\"text-specs\">Method<\/td>\n<td class=\"text-specs\">8021<\/td>\n<\/tr>\n<tr>\n<td class=\"text-specs\">Method Name<\/td>\n<td class=\"text-specs\">DPD<\/td>\n<\/tr>\n<tr>\n<td class=\"text-specs\">Number of tests<\/td>\n<td class=\"text-specs\">1000<\/td>\n<\/tr>\n<tr>\n<td class=\"text-specs\">Parameter<\/td>\n<td class=\"text-specs\">Free Chlorine, Chlorine Dioxide<\/td>\n<\/tr>\n<tr>\n<td class=\"text-specs\">Platform<\/td>\n<td class=\"text-specs\">Powder Pillows<\/td>\n<\/tr>\n<tr>\n<td class=\"text-specs\">Range<\/td>\n<td class=\"text-specs\">0.02 &#8211; 2.00 mg\/L Cl<sub>2<\/sub><\/td>\n<\/tr>\n<tr>\n<td class=\"text-specs\">Sample size<\/td>\n<td class=\"text-specs\">10 mL<\/td>\n<\/tr>\n<tr>\n<td class=\"text-specs\">Storage Conditions<\/td>\n<td class=\"text-specs\">10 &#8211; 25 \u00b0C<\/td>\n<\/tr>\n<\/tbody>\n<\/table>\n<\/div>\n<\/div>\n<\/div>\n<div id=\"product-resources\" class=\"product-detail-section grid-view js-pdp-section\" data-oc-controller=\"Product.ProductResources\" data-context=\"{&quot;resources&quot;:[{&quot;AssetId&quot;:null,&quot;Title&quot;:&quot;Chlorination, Chloramination And Chlorine Measurement&quot;,&quot;Description&quot;:&quot;DOC180.53.20183&quot;,&quot;MediaType&quot;:&quot;Application Notes&quot;,&quot;Url&quot;:&quot;https:\/\/cdn.bfldr.com\/7FYZVWYB\/at\/2pt86h8m6tgxf5hspvssxr8\/DOC1805320183.pdf&quot;,&quot;Size&quot;:null,&quot;Tag&quot;:null,&quot;Role&quot;:null,&quot;AssetSize&quot;:&quot;6.57 MB&quot;,&quot;AssetVersion&quot;:&quot;Jul20&quot;,&quot;Icon&quot;:&quot;far fa-lg fa-file-pdf mr-1&quot;,&quot;RevisionDate&quot;:&quot;2020-08-07&quot;,&quot;AssetLanguages&quot;:[&quot;EnglishUS&quot;],&quot;AssetLanguagesToString&quot;:&quot;EnglishUS&quot;,&quot;JsonContext&quot;:&quot;{}&quot;},{&quot;AssetId&quot;:null,&quot;Title&quot;:&quot;Complete Water Analysis for the Food Industry&quot;,&quot;Description&quot;:&quot;DOC030.53.10105&quot;,&quot;MediaType&quot;:&quot;Application Notes&quot;,&quot;Url&quot;:&quot;https:\/\/cdn.bfldr.com\/7FYZVWYB\/at\/8pp25psmwvvfg7987ww8ts\/DOC0305310105.pdf&quot;,&quot;Size&quot;:null,&quot;Tag&quot;:null,&quot;Role&quot;:null,&quot;AssetSize&quot;:&quot;14.15 MB&quot;,&quot;AssetVersion&quot;:&quot;Nov23&quot;,&quot;Icon&quot;:&quot;far fa-lg fa-file-pdf mr-1&quot;,&quot;RevisionDate&quot;:&quot;2023-11-07&quot;,&quot;AssetLanguages&quot;:[&quot;EnglishUS&quot;],&quot;AssetLanguagesToString&quot;:&quot;EnglishUS&quot;,&quot;JsonContext&quot;:&quot;{}&quot;},{&quot;AssetId&quot;:null,&quot;Title&quot;:&quot;A Specific and Effective Method for Controlling Chloramination of Waters, by D.L. Harp. This Application Note provides an overview of chloramination, and describes an effective new test method.&quot;,&quot;Description&quot;:&quot;LIT1755&quot;,&quot;MediaType&quot;:&quot;Application Notes&quot;,&quot;Url&quot;:&quot;https:\/\/cdn.bfldr.com\/7FYZVWYB\/at\/g3mbzr4tpwkhk4trrqstfc\/LIT1755.pdf&quot;,&quot;Size&quot;:null,&quot;Tag&quot;:null,&quot;Role&quot;:null,&quot;AssetSize&quot;:&quot;0.12 MB&quot;,&quot;AssetVersion&quot;:&quot;Ed1&quot;,&quot;Icon&quot;:&quot;far fa-lg fa-file-pdf mr-1&quot;,&quot;RevisionDate&quot;:&quot;2005-03-18&quot;,&quot;AssetLanguages&quot;:[&quot;EnglishUS&quot;],&quot;AssetLanguagesToString&quot;:&quot;EnglishUS&quot;,&quot;JsonContext&quot;:&quot;{}&quot;},{&quot;AssetId&quot;:null,&quot;Title&quot;:&quot;Analysis of Free Chlorine in Poultry Chiller Water (Red Water) Using DPD Free Chlorine Reagent&quot;,&quot;Description&quot;:&quot;LIT2068&quot;,&quot;MediaType&quot;:&quot;Application Notes&quot;,&quot;Url&quot;:&quot;https:\/\/cdn.bfldr.com\/7FYZVWYB\/at\/5qtt7prgj3b4wjqbsqgr6cs\/LIT2068.pdf&quot;,&quot;Size&quot;:null,&quot;Tag&quot;:null,&quot;Role&quot;:null,&quot;AssetSize&quot;:&quot;0.09 MB&quot;,&quot;AssetVersion&quot;:&quot;Ed1&quot;,&quot;Icon&quot;:&quot;far fa-lg fa-file-pdf mr-1&quot;,&quot;RevisionDate&quot;:&quot;2007-02-12&quot;,&quot;AssetLanguages&quot;:[&quot;EnglishUS&quot;],&quot;AssetLanguagesToString&quot;:&quot;EnglishUS&quot;,&quot;JsonContext&quot;:&quot;{}&quot;},{&quot;AssetId&quot;:null,&quot;Title&quot;:&quot;Dados t\u00e9cnicos - valida\u00e7\u00e3o de cloro livre com reagente em p\u00f3 (0.02-2.00 mg\/L)&quot;,&quot;Description&quot;:&quot;2105569 Quality Certificate&quot;,&quot;MediaType&quot;:&quot;Certificates&quot;,&quot;Url&quot;:&quot;https:\/\/cdn.bfldr.com\/7FYZVWYB\/at\/kpggjf233894vs6kg5p9n8r\/COA_Free_Chlorine_PPPortuguese2105569.pdf&quot;,&quot;Size&quot;:null,&quot;Tag&quot;:null,&quot;Role&quot;:null,&quot;AssetSize&quot;:&quot;0.34 MB&quot;,&quot;AssetVersion&quot;:null,&quot;Icon&quot;:&quot;far fa-lg fa-file-pdf mr-1&quot;,&quot;RevisionDate&quot;:&quot;2015-09-04&quot;,&quot;AssetLanguages&quot;:[&quot;Portuguese&quot;],&quot;AssetLanguagesToString&quot;:&quot;Portuguese&quot;,&quot;JsonContext&quot;:&quot;{}&quot;},{&quot;AssetId&quot;:null,&quot;Title&quot;:&quot;Certificado de An\u00e1lisis Datos t\u00e9cnicos para la Validaci\u00f3n cloro libre en polvo Almohadas (0.02 \u2013 2.00 mg\/L)&quot;,&quot;Description&quot;:&quot;2105569 Quality Certificate&quot;,&quot;MediaType&quot;:&quot;Certificates&quot;,&quot;Url&quot;:&quot;https:\/\/cdn.bfldr.com\/7FYZVWYB\/at\/mh3hnf6h66fh5nwtkbqq8crz\/COA_Free_Chlorine_PP_Spanish2105569.pdf&quot;,&quot;Size&quot;:null,&quot;Tag&quot;:null,&quot;Role&quot;:null,&quot;AssetSize&quot;:&quot;0.34 MB&quot;,&quot;AssetVersion&quot;:null,&quot;Icon&quot;:&quot;far fa-lg fa-file-pdf mr-1&quot;,&quot;RevisionDate&quot;:&quot;2015-09-04&quot;,&quot;AssetLanguages&quot;:[&quot;Spanish&quot;],&quot;AssetLanguagesToString&quot;:&quot;Spanish&quot;,&quot;JsonContext&quot;:&quot;{}&quot;},{&quot;AssetId&quot;:null,&quot;Title&quot;:&quot;Certificate of Analysis Technical Data for Validation Free Chlorine Powder Pillows (0.02 \u2013 2.00 mg\/L)&quot;,&quot;Description&quot;:&quot;2105569 Quality Certificate&quot;,&quot;MediaType&quot;:&quot;Certificates&quot;,&quot;Url&quot;:&quot;https:\/\/cdn.bfldr.com\/7FYZVWYB\/at\/ff28nkhpsx7wxvt6xk7whhnm\/COA_Free_Chlorine_PP_English2105569.pdf&quot;,&quot;Size&quot;:null,&quot;Tag&quot;:null,&quot;Role&quot;:null,&quot;AssetSize&quot;:&quot;0.34 MB&quot;,&quot;AssetVersion&quot;:null,&quot;Icon&quot;:&quot;far fa-lg fa-file-pdf mr-1&quot;,&quot;RevisionDate&quot;:&quot;2015-09-04&quot;,&quot;AssetLanguages&quot;:[&quot;EnglishUS&quot;],&quot;AssetLanguagesToString&quot;:&quot;EnglishUS&quot;,&quot;JsonContext&quot;:&quot;{}&quot;},{&quot;AssetId&quot;:null,&quot;Title&quot;:&quot;Industry Guide: Where, Why, What and How to Analyse&quot;,&quot;Description&quot;:&quot;DOC030.53.10056&quot;,&quot;MediaType&quot;:&quot;Guides&quot;,&quot;Url&quot;:&quot;https:\/\/cdn.bfldr.com\/7FYZVWYB\/at\/bhsk99pmqhv83x6fxkq9s42p\/DOC0305310056.pdf&quot;,&quot;Size&quot;:null,&quot;Tag&quot;:null,&quot;Role&quot;:null,&quot;AssetSize&quot;:&quot;0.25 MB&quot;,&quot;AssetVersion&quot;:&quot;Feb16&quot;,&quot;Icon&quot;:&quot;far fa-lg fa-file-pdf mr-1&quot;,&quot;RevisionDate&quot;:&quot;2016-03-01&quot;,&quot;AssetLanguages&quot;:[&quot;EnglishUS&quot;],&quot;AssetLanguagesToString&quot;:&quot;EnglishUS&quot;,&quot;JsonContext&quot;:&quot;{}&quot;},{&quot;AssetId&quot;:null,&quot;Title&quot;:&quot;Industry Guide: D\u00f3nde, por qu\u00e9, qu\u00e9 y c\u00f3mo analizar&quot;,&quot;Description&quot;:&quot;DOC030.61.10056&quot;,&quot;MediaType&quot;:&quot;Guides&quot;,&quot;Url&quot;:&quot;https:\/\/cdn.bfldr.com\/7FYZVWYB\/at\/cbbh7fcnjz2htwvq6pjbwfb\/DOC0306110056.pdf&quot;,&quot;Size&quot;:null,&quot;Tag&quot;:null,&quot;Role&quot;:null,&quot;AssetSize&quot;:&quot;0.43 MB&quot;,&quot;AssetVersion&quot;:&quot;Feb16&quot;,&quot;Icon&quot;:&quot;far fa-lg fa-file-pdf mr-1&quot;,&quot;RevisionDate&quot;:&quot;2016-02-01&quot;,&quot;AssetLanguages&quot;:[&quot;Spanish&quot;],&quot;AssetLanguagesToString&quot;:&quot;Spanish&quot;,&quot;JsonContext&quot;:&quot;{}&quot;},{&quot;AssetId&quot;:null,&quot;Title&quot;:&quot;Industry Guide: O\u00f9, pourquoi, quoi et comment analyser&quot;,&quot;Description&quot;:&quot;DOC030.77.10056&quot;,&quot;MediaType&quot;:&quot;Guides&quot;,&quot;Url&quot;:&quot;https:\/\/cdn.bfldr.com\/7FYZVWYB\/at\/gbv7vmcz8zqmvm8668mrxfb\/DOC0307710056.pdf&quot;,&quot;Size&quot;:null,&quot;Tag&quot;:null,&quot;Role&quot;:null,&quot;AssetSize&quot;:&quot;0.43 MB&quot;,&quot;AssetVersion&quot;:&quot;Feb16&quot;,&quot;Icon&quot;:&quot;far fa-lg fa-file-pdf mr-1&quot;,&quot;RevisionDate&quot;:&quot;2016-02-01&quot;,&quot;AssetLanguages&quot;:[&quot;French&quot;],&quot;AssetLanguagesToString&quot;:&quot;French&quot;,&quot;JsonContext&quot;:&quot;{}&quot;},{&quot;AssetId&quot;:null,&quot;Title&quot;:&quot;Hach Methods Quick Reference Guide&quot;,&quot;Description&quot;:&quot;DOC052.53.25020&quot;,&quot;MediaType&quot;:&quot;Guides&quot;,&quot;Url&quot;:&quot;https:\/\/cdn.bfldr.com\/7FYZVWYB\/at\/tw6ck8vvkqgpj8psc5v4np5\/DOC0525325020QRG.pdf&quot;,&quot;Size&quot;:null,&quot;Tag&quot;:null,&quot;Role&quot;:null,&quot;AssetSize&quot;:&quot;0.18 MB&quot;,&quot;AssetVersion&quot;:&quot;Nov23&quot;,&quot;Icon&quot;:&quot;far fa-lg fa-file-pdf mr-1&quot;,&quot;RevisionDate&quot;:&quot;2023-12-01&quot;,&quot;AssetLanguages&quot;:[&quot;EnglishUS&quot;],&quot;AssetLanguagesToString&quot;:&quot;EnglishUS&quot;,&quot;JsonContext&quot;:&quot;{}&quot;},{&quot;AssetId&quot;:null,&quot;Title&quot;:&quot;GSA Supply Schedule&quot;,&quot;Description&quot;:null,&quot;MediaType&quot;:&quot;Guides&quot;,&quot;Url&quot;:&quot;https:\/\/cdn.bfldr.com\/7FYZVWYB\/at\/fcmqskgjscpxphxsnjkhs2v\/GSA_Supply_Schedule.pdf&quot;,&quot;Size&quot;:null,&quot;Tag&quot;:null,&quot;Role&quot;:null,&quot;AssetSize&quot;:&quot;0.10 MB&quot;,&quot;AssetVersion&quot;:null,&quot;Icon&quot;:&quot;far fa-lg fa-file-pdf mr-1&quot;,&quot;RevisionDate&quot;:&quot;2016-11-02&quot;,&quot;AssetLanguages&quot;:[&quot;EnglishUS&quot;],&quot;AssetLanguagesToString&quot;:&quot;EnglishUS&quot;,&quot;JsonContext&quot;:&quot;{}&quot;},{&quot;AssetId&quot;:null,&quot;Title&quot;:&quot;Chlorine Dioxide DPD Method 10126, Powder Pillows or AccuVac\u00ae Ampuls&quot;,&quot;Description&quot;:&quot;DOC316.53.01021&quot;,&quot;MediaType&quot;:&quot;Methods\/Procedures&quot;,&quot;Url&quot;:&quot;https:\/\/cdn.bfldr.com\/7FYZVWYB\/at\/m7hntnj6vhkc3f747h4zn5\/DOC3165301021.pdf&quot;,&quot;Size&quot;:null,&quot;Tag&quot;:null,&quot;Role&quot;:null,&quot;AssetSize&quot;:&quot;0.27 MB&quot;,&quot;AssetVersion&quot;:&quot;Ed11&quot;,&quot;Icon&quot;:&quot;far fa-lg fa-file-pdf mr-1&quot;,&quot;RevisionDate&quot;:&quot;2019-08-22&quot;,&quot;AssetLanguages&quot;:[&quot;EnglishUS&quot;],&quot;AssetLanguagesToString&quot;:&quot;EnglishUS&quot;,&quot;JsonContext&quot;:&quot;{}&quot;},{&quot;AssetId&quot;:null,&quot;Title&quot;:&quot;Chlorine, Free, Method 8021 DPD Method, Powder Pillows or AccuVac\u00ae Ampuls&quot;,&quot;Description&quot;:&quot;DOC316.53.01023&quot;,&quot;MediaType&quot;:&quot;Methods\/Procedures&quot;,&quot;Url&quot;:&quot;https:\/\/cdn.bfldr.com\/7FYZVWYB\/at\/btcrr8bj5kwh9gcb68t7kwr\/DOC3165301023.pdf&quot;,&quot;Size&quot;:null,&quot;Tag&quot;:null,&quot;Role&quot;:null,&quot;AssetSize&quot;:&quot;0.24 MB&quot;,&quot;AssetVersion&quot;:&quot;Ed9&quot;,&quot;Icon&quot;:&quot;far fa-lg fa-file-pdf mr-1&quot;,&quot;RevisionDate&quot;:&quot;2014-01-01&quot;,&quot;AssetLanguages&quot;:[&quot;EnglishUS&quot;],&quot;AssetLanguagesToString&quot;:&quot;EnglishUS&quot;,&quot;JsonContext&quot;:&quot;{}&quot;},{&quot;AssetId&quot;:null,&quot;Title&quot;:&quot;Chlorine Demand\/Requirement, DPD Reagent Method 10223&quot;,&quot;Description&quot;:&quot;DOC316.53.01146&quot;,&quot;MediaType&quot;:&quot;Methods\/Procedures&quot;,&quot;Url&quot;:&quot;https:\/\/cdn.bfldr.com\/7FYZVWYB\/at\/s4k8chwtcr9knqkrkjnvc7jf\/DOC3165301146.pdf&quot;,&quot;Size&quot;:null,&quot;Tag&quot;:null,&quot;Role&quot;:null,&quot;AssetSize&quot;:&quot;0.40 MB&quot;,&quot;AssetVersion&quot;:&quot;Ed8&quot;,&quot;Icon&quot;:&quot;far fa-lg fa-file-pdf mr-1&quot;,&quot;RevisionDate&quot;:&quot;2015-08-27&quot;,&quot;AssetLanguages&quot;:[&quot;EnglishUS&quot;],&quot;AssetLanguagesToString&quot;:&quot;EnglishUS&quot;,&quot;JsonContext&quot;:&quot;{}&quot;},{&quot;AssetId&quot;:null,&quot;Title&quot;:&quot;Chlorine, Free and Total, Low Range, DPD Method 8021 (free)\/8167 (total), AccuVac Ampuls, DR300 and Pocket Colorimeter II&quot;,&quot;Description&quot;:&quot;DOC316.53.01450&quot;,&quot;MediaType&quot;:&quot;Methods\/Procedures&quot;,&quot;Url&quot;:&quot;https:\/\/cdn.bfldr.com\/7FYZVWYB\/at\/bjxnnjq6pzjbmpns2cvxbf\/DOC3165301450_5ed.pdf&quot;,&quot;Size&quot;:null,&quot;Tag&quot;:null,&quot;Role&quot;:null,&quot;AssetSize&quot;:&quot;0.27 MB&quot;,&quot;AssetVersion&quot;:&quot;Ed5&quot;,&quot;Icon&quot;:&quot;far fa-lg fa-file-pdf mr-1&quot;,&quot;RevisionDate&quot;:&quot;2022-04-22&quot;,&quot;AssetLanguages&quot;:[&quot;EnglishUS&quot;],&quot;AssetLanguagesToString&quot;:&quot;EnglishUS&quot;,&quot;JsonContext&quot;:&quot;{}&quot;},{&quot;AssetId&quot;:null,&quot;Title&quot;:&quot;Chlorine Dioxide, DPD Method 10126, Powder Pillows, DR300 and Pocket Colorimeter II&quot;,&quot;Description&quot;:&quot;DOC316.53.01447&quot;,&quot;MediaType&quot;:&quot;Methods\/Procedures&quot;,&quot;Url&quot;:&quot;https:\/\/cdn.bfldr.com\/7FYZVWYB\/at\/4qc4477fnhgvr88j8pm9g96\/DOC3165301447.pdf&quot;,&quot;Size&quot;:null,&quot;Tag&quot;:null,&quot;Role&quot;:null,&quot;AssetSize&quot;:&quot;0.32 MB&quot;,&quot;AssetVersion&quot;:&quot;Ed2&quot;,&quot;Icon&quot;:&quot;far fa-lg fa-file-pdf mr-1&quot;,&quot;RevisionDate&quot;:&quot;2019-10-21&quot;,&quot;AssetLanguages&quot;:[&quot;EnglishUS&quot;],&quot;AssetLanguagesToString&quot;:&quot;EnglishUS&quot;,&quot;JsonContext&quot;:&quot;{}&quot;},{&quot;AssetId&quot;:null,&quot;Title&quot;:&quot;Chlorine, Free and Total, High Range, DPD Method, Powder Pillows, DR300 and Pocket Colorimeter II&quot;,&quot;Description&quot;:&quot;DOC316.53.01449&quot;,&quot;MediaType&quot;:&quot;Methods\/Procedures&quot;,&quot;Url&quot;:&quot;https:\/\/cdn.bfldr.com\/7FYZVWYB\/at\/xtn3qr6g6gzrvfgr3c7kg43\/DOC3165301449_7ed.pdf&quot;,&quot;Size&quot;:null,&quot;Tag&quot;:null,&quot;Role&quot;:null,&quot;AssetSize&quot;:&quot;0.22 MB&quot;,&quot;AssetVersion&quot;:&quot;Ed7&quot;,&quot;Icon&quot;:&quot;far fa-lg fa-file-pdf mr-1&quot;,&quot;RevisionDate&quot;:&quot;2022-04-22&quot;,&quot;AssetLanguages&quot;:[&quot;EnglishUS&quot;],&quot;AssetLanguagesToString&quot;:&quot;EnglishUS&quot;,&quot;JsonContext&quot;:&quot;{}&quot;}],&quot;defaultLanguage&quot;:&quot;en-US&quot;}\">\n<div data-templateid=\"ProductResources\"><\/div>\n<\/div>\n","protected":false},"excerpt":{"rendered":"<p>DPD Free Chlorine Reagent Powder Pillows, 10 mL, pk\/1000<\/p>\n<p><img loading=\"lazy\" decoding=\"async\" class=\"alignnone size-medium wp-image-17\" src=\"https:\/\/ejlife.us\/wp-content\/uploads\/2024\/02\/2105569_1-300x236.jpg\" alt=\"2105569\" width=\"300\" height=\"236\" srcset=\"https:\/\/i0.wp.com\/ejlife.us\/wp-content\/uploads\/2024\/02\/2105569_1.jpg?resize=300%2C236&amp;ssl=1 300w, https:\/\/i0.wp.com\/ejlife.us\/wp-content\/uploads\/2024\/02\/2105569_1.jpg?w=600&amp;ssl=1 600w\" sizes=\"(max-width: 300px) 100vw, 300px\" \/><\/p>\n","protected":false},"featured_media":17,"comment_status":"open","ping_status":"closed","template":"","meta":[],"product_cat":[20],"product_tag":[27,30,28,29],"yoast_head":"<!-- This site is optimized with the Yoast SEO plugin v24.5 - https:\/\/yoast.com\/wordpress\/plugins\/seo\/ -->\n<title>Hach DPD Free Chlorine Reagent Powder Pillows, 10 mL, pk\/1000 - EJ Lifescience<\/title>\n<meta name=\"description\" content=\"2105569 hach DPD Free Chlorine\" \/>\n<meta name=\"robots\" content=\"index, follow, max-snippet:-1, max-image-preview:large, max-video-preview:-1\" \/>\n<link rel=\"canonical\" href=\"https:\/\/ejlife.us\/?product=hach-2105528\" \/>\n<meta property=\"og:locale\" content=\"en_US\" \/>\n<meta property=\"og:type\" content=\"article\" \/>\n<meta property=\"og:title\" content=\"Hach DPD Free Chlorine Reagent Powder Pillows, 10 mL, pk\/1000 - EJ Lifescience\" \/>\n<meta property=\"og:description\" content=\"2105569 hach DPD Free Chlorine\" \/>\n<meta property=\"og:url\" content=\"https:\/\/ejlife.us\/?product=hach-2105528\" \/>\n<meta property=\"og:site_name\" content=\"EJ Lifescience\" \/>\n<meta property=\"article:modified_time\" content=\"2024-02-24T02:06:38+00:00\" \/>\n<meta property=\"og:image\" content=\"https:\/\/ejlife.us\/wp-content\/uploads\/2024\/02\/2105569_1.jpg\" \/>\n\t<meta property=\"og:image:width\" content=\"600\" \/>\n\t<meta property=\"og:image:height\" content=\"472\" \/>\n\t<meta property=\"og:image:type\" content=\"image\/jpeg\" \/>\n<meta name=\"twitter:card\" content=\"summary_large_image\" \/>\n<meta name=\"twitter:label1\" content=\"Est. reading time\" \/>\n\t<meta name=\"twitter:data1\" content=\"1 minute\" \/>\n<script type=\"application\/ld+json\" class=\"yoast-schema-graph\">{\"@context\":\"https:\/\/schema.org\",\"@graph\":[{\"@type\":\"WebPage\",\"@id\":\"https:\/\/ejlife.us\/?product=hach-2105528\",\"url\":\"https:\/\/ejlife.us\/?product=hach-2105528\",\"name\":\"Hach DPD Free Chlorine Reagent Powder Pillows, 10 mL, pk\/1000 - EJ Lifescience\",\"isPartOf\":{\"@id\":\"https:\/\/ejlife.us\/#website\"},\"primaryImageOfPage\":{\"@id\":\"https:\/\/ejlife.us\/?product=hach-2105528#primaryimage\"},\"image\":{\"@id\":\"https:\/\/ejlife.us\/?product=hach-2105528#primaryimage\"},\"thumbnailUrl\":\"https:\/\/i0.wp.com\/ejlife.us\/wp-content\/uploads\/2024\/02\/2105569_1.jpg?fit=600%2C472&ssl=1\",\"datePublished\":\"2024-02-24T02:02:28+00:00\",\"dateModified\":\"2024-02-24T02:06:38+00:00\",\"description\":\"2105569 hach DPD Free Chlorine\",\"breadcrumb\":{\"@id\":\"https:\/\/ejlife.us\/?product=hach-2105528#breadcrumb\"},\"inLanguage\":\"en-US\",\"potentialAction\":[{\"@type\":\"ReadAction\",\"target\":[\"https:\/\/ejlife.us\/?product=hach-2105528\"]}]},{\"@type\":\"ImageObject\",\"inLanguage\":\"en-US\",\"@id\":\"https:\/\/ejlife.us\/?product=hach-2105528#primaryimage\",\"url\":\"https:\/\/i0.wp.com\/ejlife.us\/wp-content\/uploads\/2024\/02\/2105569_1.jpg?fit=600%2C472&ssl=1\",\"contentUrl\":\"https:\/\/i0.wp.com\/ejlife.us\/wp-content\/uploads\/2024\/02\/2105569_1.jpg?fit=600%2C472&ssl=1\",\"width\":600,\"height\":472,\"caption\":\"2105569\"},{\"@type\":\"BreadcrumbList\",\"@id\":\"https:\/\/ejlife.us\/?product=hach-2105528#breadcrumb\",\"itemListElement\":[{\"@type\":\"ListItem\",\"position\":1,\"name\":\"Home\",\"item\":\"https:\/\/ejlife.us\/\"},{\"@type\":\"ListItem\",\"position\":2,\"name\":\"Shop\",\"item\":\"https:\/\/ejlife.us\/?page_id=6\"},{\"@type\":\"ListItem\",\"position\":3,\"name\":\"Hach DPD Free Chlorine Reagent Powder Pillows, 10 mL, pk\/1000\"}]},{\"@type\":\"WebSite\",\"@id\":\"https:\/\/ejlife.us\/#website\",\"url\":\"https:\/\/ejlife.us\/\",\"name\":\"EJ Lifescience\",\"description\":\"\",\"publisher\":{\"@id\":\"https:\/\/ejlife.us\/#organization\"},\"potentialAction\":[{\"@type\":\"SearchAction\",\"target\":{\"@type\":\"EntryPoint\",\"urlTemplate\":\"https:\/\/ejlife.us\/?s={search_term_string}\"},\"query-input\":{\"@type\":\"PropertyValueSpecification\",\"valueRequired\":true,\"valueName\":\"search_term_string\"}}],\"inLanguage\":\"en-US\"},{\"@type\":\"Organization\",\"@id\":\"https:\/\/ejlife.us\/#organization\",\"name\":\"EJ Lifescience\",\"url\":\"https:\/\/ejlife.us\/\",\"logo\":{\"@type\":\"ImageObject\",\"inLanguage\":\"en-US\",\"@id\":\"https:\/\/ejlife.us\/#\/schema\/logo\/image\/\",\"url\":\"https:\/\/ejlife.us\/wp-content\/uploads\/2024\/02\/ej-life-logo.jpg\",\"contentUrl\":\"https:\/\/ejlife.us\/wp-content\/uploads\/2024\/02\/ej-life-logo.jpg\",\"width\":1280,\"height\":1035,\"caption\":\"EJ Lifescience\"},\"image\":{\"@id\":\"https:\/\/ejlife.us\/#\/schema\/logo\/image\/\"}}]}<\/script>\n<!-- \/ Yoast SEO plugin. -->","yoast_head_json":{"title":"Hach DPD Free Chlorine Reagent Powder Pillows, 10 mL, pk\/1000 - EJ Lifescience","description":"2105569 hach DPD Free Chlorine","robots":{"index":"index","follow":"follow","max-snippet":"max-snippet:-1","max-image-preview":"max-image-preview:large","max-video-preview":"max-video-preview:-1"},"canonical":"https:\/\/ejlife.us\/?product=hach-2105528","og_locale":"en_US","og_type":"article","og_title":"Hach DPD Free Chlorine Reagent Powder Pillows, 10 mL, pk\/1000 - EJ Lifescience","og_description":"2105569 hach DPD Free Chlorine","og_url":"https:\/\/ejlife.us\/?product=hach-2105528","og_site_name":"EJ Lifescience","article_modified_time":"2024-02-24T02:06:38+00:00","og_image":[{"width":600,"height":472,"url":"https:\/\/ejlife.us\/wp-content\/uploads\/2024\/02\/2105569_1.jpg","type":"image\/jpeg"}],"twitter_card":"summary_large_image","twitter_misc":{"Est. reading time":"1 minute"},"schema":{"@context":"https:\/\/schema.org","@graph":[{"@type":"WebPage","@id":"https:\/\/ejlife.us\/?product=hach-2105528","url":"https:\/\/ejlife.us\/?product=hach-2105528","name":"Hach DPD Free Chlorine Reagent Powder Pillows, 10 mL, pk\/1000 - EJ Lifescience","isPartOf":{"@id":"https:\/\/ejlife.us\/#website"},"primaryImageOfPage":{"@id":"https:\/\/ejlife.us\/?product=hach-2105528#primaryimage"},"image":{"@id":"https:\/\/ejlife.us\/?product=hach-2105528#primaryimage"},"thumbnailUrl":"https:\/\/i0.wp.com\/ejlife.us\/wp-content\/uploads\/2024\/02\/2105569_1.jpg?fit=600%2C472&ssl=1","datePublished":"2024-02-24T02:02:28+00:00","dateModified":"2024-02-24T02:06:38+00:00","description":"2105569 hach DPD Free Chlorine","breadcrumb":{"@id":"https:\/\/ejlife.us\/?product=hach-2105528#breadcrumb"},"inLanguage":"en-US","potentialAction":[{"@type":"ReadAction","target":["https:\/\/ejlife.us\/?product=hach-2105528"]}]},{"@type":"ImageObject","inLanguage":"en-US","@id":"https:\/\/ejlife.us\/?product=hach-2105528#primaryimage","url":"https:\/\/i0.wp.com\/ejlife.us\/wp-content\/uploads\/2024\/02\/2105569_1.jpg?fit=600%2C472&ssl=1","contentUrl":"https:\/\/i0.wp.com\/ejlife.us\/wp-content\/uploads\/2024\/02\/2105569_1.jpg?fit=600%2C472&ssl=1","width":600,"height":472,"caption":"2105569"},{"@type":"BreadcrumbList","@id":"https:\/\/ejlife.us\/?product=hach-2105528#breadcrumb","itemListElement":[{"@type":"ListItem","position":1,"name":"Home","item":"https:\/\/ejlife.us\/"},{"@type":"ListItem","position":2,"name":"Shop","item":"https:\/\/ejlife.us\/?page_id=6"},{"@type":"ListItem","position":3,"name":"Hach DPD Free Chlorine Reagent Powder Pillows, 10 mL, pk\/1000"}]},{"@type":"WebSite","@id":"https:\/\/ejlife.us\/#website","url":"https:\/\/ejlife.us\/","name":"EJ Lifescience","description":"","publisher":{"@id":"https:\/\/ejlife.us\/#organization"},"potentialAction":[{"@type":"SearchAction","target":{"@type":"EntryPoint","urlTemplate":"https:\/\/ejlife.us\/?s={search_term_string}"},"query-input":{"@type":"PropertyValueSpecification","valueRequired":true,"valueName":"search_term_string"}}],"inLanguage":"en-US"},{"@type":"Organization","@id":"https:\/\/ejlife.us\/#organization","name":"EJ Lifescience","url":"https:\/\/ejlife.us\/","logo":{"@type":"ImageObject","inLanguage":"en-US","@id":"https:\/\/ejlife.us\/#\/schema\/logo\/image\/","url":"https:\/\/ejlife.us\/wp-content\/uploads\/2024\/02\/ej-life-logo.jpg","contentUrl":"https:\/\/ejlife.us\/wp-content\/uploads\/2024\/02\/ej-life-logo.jpg","width":1280,"height":1035,"caption":"EJ Lifescience"},"image":{"@id":"https:\/\/ejlife.us\/#\/schema\/logo\/image\/"}}]}},"jetpack_sharing_enabled":true,"_links":{"self":[{"href":"https:\/\/ejlife.us\/index.php?rest_route=\/wp\/v2\/product\/37"}],"collection":[{"href":"https:\/\/ejlife.us\/index.php?rest_route=\/wp\/v2\/product"}],"about":[{"href":"https:\/\/ejlife.us\/index.php?rest_route=\/wp\/v2\/types\/product"}],"replies":[{"embeddable":true,"href":"https:\/\/ejlife.us\/index.php?rest_route=%2Fwp%2Fv2%2Fcomments&post=37"}],"wp:featuredmedia":[{"embeddable":true,"href":"https:\/\/ejlife.us\/index.php?rest_route=\/wp\/v2\/media\/17"}],"wp:attachment":[{"href":"https:\/\/ejlife.us\/index.php?rest_route=%2Fwp%2Fv2%2Fmedia&parent=37"}],"wp:term":[{"taxonomy":"product_cat","embeddable":true,"href":"https:\/\/ejlife.us\/index.php?rest_route=%2Fwp%2Fv2%2Fproduct_cat&post=37"},{"taxonomy":"product_tag","embeddable":true,"href":"https:\/\/ejlife.us\/index.php?rest_route=%2Fwp%2Fv2%2Fproduct_tag&post=37"}],"curies":[{"name":"wp","href":"https:\/\/api.w.org\/{rel}","templated":true}]}}